{"id":71,"date":"2015-07-24T00:19:15","date_gmt":"2015-07-23T22:19:15","guid":{"rendered":"http:\/\/cofely.waw.pl\/?page_id=71"},"modified":"2015-09-09T23:42:05","modified_gmt":"2015-09-09T21:42:05","slug":"holding-cofely","status":"publish","type":"page","link":"https:\/\/engie-instalacje.pl\/en\/holding-cofely\/","title":{"rendered":"HOLDING COFELY"},"content":{"rendered":"<p><\/p>\n<figure class=\"media--squished\"><a href=\"http:\/\/cofely.waw.pl\/wp-content\/uploads\/2015\/07\/cofely-holding.png\" class=\"grouped_elements\" rel=\"tc-fancybox-group71\"><img loading=\"lazy\" class=\"alignnone size-full wp-image-82\" src=\"http:\/\/cofely.waw.pl\/wp-content\/uploads\/2015\/07\/cofely-holding.png\" alt=\"cofely-holding\" width=\"530\" height=\"250\" srcset=\"https:\/\/engie-instalacje.pl\/wp-content\/uploads\/2015\/07\/cofely-holding.png 530w, https:\/\/engie-instalacje.pl\/wp-content\/uploads\/2015\/07\/cofely-holding-300x142.png 300w\" sizes=\"(max-width: 530px) 100vw, 530px\" \/><\/a><\/figure>\n<figure class=\"media--squished\"><\/figure>\n<p>Cofely Technika Instalacyjna is a subsidy of Cofely Holding GmbH w Wiedniu<\/p>\n<h2>Head Office<\/h2>\n<ul class=\"item-list\">\n<li><strong>COFELY Technika Instalacyjna Sp. z o.o<\/strong><br \/>\nul. Czerniakowska 58<br \/>\nPL-00-717 Warszawa<br \/>\nPhone: +48 22 428 54 14<br \/>\nFax: +48 22 891 12 12<br \/>\nEmail: <a href=\"https:\/\/mail.google.com\/mail\/?view=cm&amp;fs=1&amp;tf=1&amp;to=office@cofely.com.pl\" target=\"_blank\">office@cofely.com.pl<\/a><br \/>\nwww: <a href=\"http:\/\/www.cofely.com.pl\/\" target=\"_blank\">http:\/\/www.cofely.com.pl<\/a><\/li>\n<li><strong>Centrala<\/strong><br \/>\nCOFELY Geb\u00e4udetechnik GmbH<br \/>\nLeberstra\u00dfe 120<br \/>\nA-1110 Wien Austria<br \/>\nPhone: +43 1 740 36-0<br \/>\nFax: +43 1 740 36-100<br \/>\nEmail: <a href=\"https:\/\/mail.google.com\/mail\/?view=cm&amp;fs=1&amp;tf=1&amp;to=office@cofely.at\" target=\"_blank\">office@cofely.at<\/a><br \/>\nwww: <a href=\"http:\/\/www.cofely.at\/\" target=\"_blank\">http:\/\/www.cofely.at<\/a><\/li>\n<\/ul>\n<h2>Subsidiaries<\/h2>\n<ul class=\"item-list\">\n<li><strong>COFELY K\u00e4ltetechnik Ges.m.b.H.<\/strong><br \/>\nLangegasse 19<br \/>\nA-6923 Lauterach<br \/>\nPhone: +43 5574 6705<br \/>\nFax: +43 5574 6705-22<br \/>\nEmail: <a href=\"https:\/\/mail.google.com\/mail\/?view=cm&amp;fs=1&amp;tf=1&amp;to=office@cofely.info\" target=\"_blank\">office@cofely.info<\/a><br \/>\nwww: <a href=\"http:\/\/www.cofely.info\/\" target=\"_blank\">http:\/\/www.cofely.info<\/a><\/li>\n<li><strong>COFELY W\u0119gry<\/strong><br \/>\nCOFELY \u00c9p\u00fcletg\u00e9p\u00e9szeti Kft<br \/>\n\u00dcll\u0151i \u00fat 206.<br \/>\nH-1191 Budapest<br \/>\nPhone: +36 1 460-1030<br \/>\nFax: +36 1 460-1050<br \/>\nEmail: <a href=\"https:\/\/mail.google.com\/mail\/?view=cm&amp;fs=1&amp;tf=1&amp;to=office@cofely.hu\" target=\"_blank\">office@cofely.hu<\/a><br \/>\nwww: <a href=\"http:\/\/www.cofely.hu\/\" target=\"_blank\">http:\/\/www.cofely.hu<\/a><\/li>\n<li><strong>Fabricom W\u0119gry<\/strong><br \/>\nFabricom Electrical-PVV Kft.<br \/>\n\u00dcll\u0151i \u00fat 206<br \/>\nH-1191 Budapest<br \/>\nPhone: +36 1 211 3200<br \/>\nFax: +36 1 211 3201<br \/>\nEmail: <a href=\"https:\/\/mail.google.com\/mail\/?view=cm&amp;fs=1&amp;tf=1&amp;to=budapest@fabricom.hu\" target=\"_blank\">budapest@fabricom.hu<\/a><br \/>\nwww: <a href=\"http:\/\/www.fabricom.hu\/\" target=\"_blank\">http:\/\/www.fabricom.hu<\/a><\/li>\n<li><strong>COFELY Rosja<\/strong><br \/>\nOOO COFELY Geb\u00e4udetechnik<br \/>\nul. Lesteva 18<br \/>\nRU-115162 Moskwa<br \/>\nPhone: +7 495 941 99 79<br \/>\nFax: +7 495 941 99 69<br \/>\nEmail: <a href=\"https:\/\/mail.google.com\/mail\/?view=cm&amp;fs=1&amp;tf=1&amp;to=office@cofely.ru\" target=\"_blank\">office@cofely.ru<\/a><br \/>\nwww: <a href=\"http:\/\/www.cofely.ru\/\" target=\"_blank\">http:\/\/www.cofely.ru<\/a><\/li>\n<li><strong>COFELY Polska<\/strong><br \/>\nCOFELY Technika Instalacyjna sp. z o.o.<br \/>\nul. Czerniakowska 58<br \/>\nPL-00-717 Warszawa<br \/>\nPhone: +48 22 851 97 40<br \/>\nFax: +48 22 891 12 82<br \/>\nEmail: <a href=\"https:\/\/mail.google.com\/mail\/?view=cm&amp;fs=1&amp;tf=1&amp;to=office@cofely.com.pl\" target=\"_blank\">office@cofely.com.pl<\/a><br \/>\nwww: <a href=\"http:\/\/www.cofely.com.pl\/\" target=\"_blank\">http:\/\/www.cofely.com.pl<\/a><\/li>\n<li><strong>COFELY Rumunia<\/strong><br \/>\nCOFELY Building Services &amp; Maintenance srl<br \/>\nStr. Ilioara Nr. 60, Et. 1<br \/>\nRO 032126, Bucuresti<br \/>\nPhone: +40 21 311 04 32<br \/>\nFax: +40 21 311 04 33<br \/>\nEmail: <a href=\"https:\/\/mail.google.com\/mail\/?view=cm&amp;fs=1&amp;tf=1&amp;to=office@cofely.ro\" target=\"_blank\">office@cofely.ro<\/a><br \/>\nwww: <a href=\"http:\/\/www.cofely.ro\/\" target=\"_blank\">http:\/\/www.cofely.ro<\/a><\/li>\n<\/ul>\n<p><\/p>","protected":false},"excerpt":{"rendered":"<p>Cofely Technika Instalacyjna is a subsidy of Cofely Holding GmbH w Wiedniu Head Office COFELY Technika Instalacyjna Sp. z o.o ul. Czerniakowska 58 PL-00-717 Warszawa Phone: +48 22 428 54 14 Fax: +48 22 891 12 12 Email: office@cofely.com.pl www: http:\/\/www.cofely.com.pl Centrala COFELY Geb\u00e4udetechnik GmbH Leberstra\u00dfe 120 A-1110 Wien Austria Phone: +43 1 740 36-0 [&hellip;]<\/p>\n","protected":false},"author":1,"featured_media":0,"parent":0,"menu_order":0,"comment_status":"open","ping_status":"open","template":"","meta":[],"_links":{"self":[{"href":"https:\/\/engie-instalacje.pl\/en\/wp-json\/wp\/v2\/pages\/71"}],"collection":[{"href":"https:\/\/engie-instalacje.pl\/en\/wp-json\/wp\/v2\/pages"}],"about":[{"href":"https:\/\/engie-instalacje.pl\/en\/wp-json\/wp\/v2\/types\/page"}],"author":[{"embeddable":true,"href":"https:\/\/engie-instalacje.pl\/en\/wp-json\/wp\/v2\/users\/1"}],"replies":[{"embeddable":true,"href":"https:\/\/engie-instalacje.pl\/en\/wp-json\/wp\/v2\/comments?post=71"}],"version-history":[{"count":0,"href":"https:\/\/engie-instalacje.pl\/en\/wp-json\/wp\/v2\/pages\/71\/revisions"}],"wp:attachment":[{"href":"https:\/\/engie-instalacje.pl\/en\/wp-json\/wp\/v2\/media?parent=71"}],"curies":[{"name":"wp","href":"https:\/\/api.w.org\/{rel}","templated":true}]}}