{"id":682,"date":"2019-04-03T10:13:58","date_gmt":"2019-04-03T08:13:58","guid":{"rendered":"https:\/\/engie-instalacje.pl\/?page_id=682"},"modified":"2020-01-25T11:42:02","modified_gmt":"2020-01-25T10:42:02","slug":"rodo","status":"publish","type":"page","link":"https:\/\/engie-instalacje.pl\/en\/rodo\/","title":{"rendered":"RODO"},"content":{"rendered":"\r\n<p>Obowi\u0105zek informacyjny:<br \/>Zgodnie z art. 13 Rozporz\u0105dzeniem Parlamentu Europejskiego i Rady (UE) 2016\/679 z dnia 27 kwietnia 2016 roku w sprawie ochrony os\u00f3b fizycznych w zwi\u0105zku z przetwarzaniem danych osobowych i w sprawie swobodnego przep\u0142ywu takich danych oraz uchylenia dyrektywy 95\/46\/WE (\u201eRODO\u201d), niniejszym informujemy:<\/p>\r\n\r\n\r\n\r\n<p>Wskazanie Administratora:<br \/>Administratorem Twoich danych osobowych jest ENGIE Technika Instalacyjna Sp. z o .o. z siedzib\u0105 w Warszawie, ul. Bobrowiecka 8, 00-728 Warszawa (dalej: \u201eAdministrator\u201d), z kt\u00f3r\u0105 mo\u017cesz kontaktowa\u0107 si\u0119 na adres e-mail: <a href=\"mailto:sekretariat@engie-instalacje.pl\">sekretariat@engie-instalacje.pl<\/a>.<br \/>W razie jakichkolwiek w\u0105tpliwo\u015bci zwi\u0105zanych z obowi\u0105zkiem informacyjnym, w ka\u017cdej chwili mo\u017cesz skontaktowa\u0107 si\u0119 z nami, wysy\u0142aj\u0105c wiadomo\u015b\u0107 na adres: <a href=\"mailto:ETI.inspektorODO@engie.com\">ETI.inspektorODO@engie.com<\/a>.<\/p>\r\n\r\n\r\n\r\n<p>Cel przetwarzania:<\/p>\r\n\r\n\r\n\r\n<ol>\r\n<li>Realizacja postanowie\u0144 umowy na podstawie art. 6 ust. 1 lit. b) RODO tj. w celu zawarcia i realizacji umowy;<\/li>\r\n<li>wype\u0142nienia ci\u0105\u017c\u0105cych na Administratorze obowi\u0105zk\u00f3w prawnych, na podstawie art. 6 ust. 1 lit. c) RODO, zwi\u0105zanych m.in. z obowi\u0105zkami rachunkowymi i podatkowymi;<\/li>\r\n<li>dochodzenia lub zabezpieczenia roszcze\u0144 co stanowi prawnie uzasadniony interes administratora na podstawie art. 6 ust. 1 lit. f) RODO;<\/li>\r\n<\/ol>\r\n\r\n\r\n\r\n<p>Okres przetwarzania<br \/>Dane przetwarzane s\u0105 odpowiednio przez okres:<\/p>\r\n\r\n\r\n\r\n<ol>\r\n<li>Do momentu rozwi\u0105zania lub wyga\u015bni\u0119cia umowy lub do momentu pe\u0142nego rozliczenia nale\u017cno\u015bci wynikaj\u0105cych z umowy z uwzgl\u0119dnieniem okresu przewidzianego dla dochodzenia ewentualnych roszcze\u0144 wynikaj\u0105cych z tej umowy, a tak\u017ce przez okres wymagany przepisami prawa (np. ustawy o rachunkowo\u015bci);<\/li>\r\n<li>Do czasu zg\u0142oszenia skutecznego sprzeciwu\/\u017c\u0105dania usuni\u0119cia danych, w przypadku, gdy dane przetwarzane s\u0105 na podstawie prawnie uzasadnionego interesu administratora<\/li>\r\n<\/ol>\r\n\r\n\r\n\r\n<p>Przekazywanie danych osobowych<br \/>Pani\/Pana dane osobowe b\u0119d\u0105 przekazywane przez Administratora wy\u0142\u0105cznie zaufanym podmiotom takim, jak firmy dostarczaj\u0105ce i obs\u0142uguj\u0105ce wybrane systemy i rozwi\u0105zania informatyczne, dostawcom us\u0142ug pocztowych i kurierskich lub innych us\u0142ug dzia\u0142aj\u0105cym na rzecz Administratora. <br \/>Dane osobowe nie b\u0119d\u0105 przekazywane poza EOG ani udost\u0119pniane organizacjom mi\u0119dzynarodowym.<br \/>Przys\u0142uguj\u0105ce Pani\/Panu prawa<br \/>W zwi\u0105zku z przetwarzaniem przez nas danych osobowych, przys\u0142uguje Pani\/Panu prawo do:<br \/>1) \u017c\u0105dania dost\u0119pu do swoich danych osobowych,<br \/>2) \u017c\u0105dania sprostowania swoich danych osobowych,<br \/>3) \u017c\u0105dania usuni\u0119cia lub ograniczenia przetwarzania swoich danych osobowych,<br \/>4) przeniesienie danych osobowych rozumiane jako przekazanie danych innemu administratorowi na wniosek osoby, kt\u00f3rej dane dotycz\u0105, je\u015bli przetwarzanie odbywa si\u0119 w spos\u00f3b zautomatyzowany i je\u015bli przetwarzanie odbywa si\u0119 na podstawie zgody lub umowy,<br \/>5) wniesienie skargi do Prezesa Urz\u0119du Ochrony Danych Osobowych, je\u015bli uzna Pani\/Pan, \u017ce przetwarzanie narusza przepisy prawa.<br \/>Podanie danych jest dobrowolne, aczkolwiek konieczne do nawi\u0105zania wsp\u00f3\u0142pracy gospodarczej. Bez podania danych niemo\u017cliwe jest sk\u0142adanie zapyta\u0144 ofertowych, zawieranie um\u00f3w czy te\u017c ich realizacja. <br \/>Podane dane nie b\u0119d\u0105 podlega\u0142y profilowaniu, a na ich podstawie nie b\u0119d\u0105 zapada\u0142y automatyczne decyzje. Przetwarzane przez nas dane osobowe nie b\u0119d\u0105 przekazywane do pa\u0144stwa trzeciego\/organizacji mi\u0119dzynarodowej;<\/p>\r\n","protected":false},"excerpt":{"rendered":"<p>Obowi\u0105zek informacyjny:Zgodnie z art. 13 Rozporz\u0105dzeniem Parlamentu Europejskiego i Rady (UE) 2016\/679 z dnia 27 kwietnia 2016 roku w sprawie ochrony os\u00f3b fizycznych w zwi\u0105zku z przetwarzaniem danych osobowych i w sprawie swobodnego przep\u0142ywu takich danych oraz uchylenia dyrektywy 95\/46\/WE (\u201eRODO\u201d), niniejszym informujemy: Wskazanie Administratora:Administratorem Twoich danych osobowych jest ENGIE Technika Instalacyjna Sp. z o [&hellip;]<\/p>\n","protected":false},"author":7,"featured_media":0,"parent":0,"menu_order":0,"comment_status":"closed","ping_status":"closed","template":"","meta":[],"_links":{"self":[{"href":"https:\/\/engie-instalacje.pl\/en\/wp-json\/wp\/v2\/pages\/682"}],"collection":[{"href":"https:\/\/engie-instalacje.pl\/en\/wp-json\/wp\/v2\/pages"}],"about":[{"href":"https:\/\/engie-instalacje.pl\/en\/wp-json\/wp\/v2\/types\/page"}],"author":[{"embeddable":true,"href":"https:\/\/engie-instalacje.pl\/en\/wp-json\/wp\/v2\/users\/7"}],"replies":[{"embeddable":true,"href":"https:\/\/engie-instalacje.pl\/en\/wp-json\/wp\/v2\/comments?post=682"}],"version-history":[{"count":0,"href":"https:\/\/engie-instalacje.pl\/en\/wp-json\/wp\/v2\/pages\/682\/revisions"}],"wp:attachment":[{"href":"https:\/\/engie-instalacje.pl\/en\/wp-json\/wp\/v2\/media?parent=682"}],"curies":[{"name":"wp","href":"https:\/\/api.w.org\/{rel}","templated":true}]}}