{"id":398,"date":"2016-08-09T21:59:19","date_gmt":"2016-08-09T19:59:19","guid":{"rendered":"http:\/\/engietest2.cofely.waw.pl\/?page_id=398"},"modified":"2020-05-14T13:46:38","modified_gmt":"2020-05-14T11:46:38","slug":"polityka-prywatnosci","status":"publish","type":"page","link":"https:\/\/engie-instalacje.pl\/en\/polityka-prywatnosci\/","title":{"rendered":"Privacy Policy"},"content":{"rendered":"<p>Je\u017celi tutaj trafi\u0142e\u015b, to niezawodny znak, \u017ce cenisz swoj\u0105 prywatno\u015b\u0107. Doskonale to rozumiemy, dlatego przygotowali\u015bmy dla Ciebie ten dokument, w kt\u00f3rym znajdziesz zasady przetwarzania danych osobowych oraz wykorzystywania plik\u00f3w cookies i innych technologii \u015bledz\u0105cych w zwi\u0105zku z korzystaniem ze niniejszej strony internetowej<\/p>\n<p>Informacja formalna na pocz\u0105tek \u2013 operatorem serwisu oraz administratorem Twoich danych osobowych jest:<\/p>\n<p>ENGIE TECHNIKA INSTALACYJNA Sp. z o.o., ul. Bobrowiecka 8, 00-728 Warszawa<\/p>\n<p>W przypadku jakichkolwiek w\u0105tpliwo\u015bci zwi\u0105zanych z Polityk\u0105 prywatno\u015bci, w ka\u017cdej chwili mo\u017cesz skontaktowa\u0107 si\u0119 z nami, wysy\u0142aj\u0105c wiadomo\u015b\u0107 na adres\u00a0<a href=\"mailto:ETI.inspektorODO@engie.com\">ETI.inspektorODO@engie.com<\/a><\/p>\n<p><strong>Najwa\u017cniejsze informacje<\/strong><\/p>\n<p>Dbamy o Twoj\u0105 prywatno\u015b\u0107, ale r\u00f3wnie\u017c o Tw\u00f3j czas. Dlatego przygotowali\u015bmy dla Ciebie skr\u00f3con\u0105 wersj\u0119 najwa\u017cniejszych zasad zwi\u0105zanych z ochron\u0105 prywatno\u015bci.<\/p>\n<ul>\n<li>Wype\u0142niaj\u0105c formularz i kontaktuj\u0105c si\u0119 z nami, przekazujesz nam swoje dane osobowe, a my gwarantujemy Ci, \u017ce Twoje dane pozostan\u0105 poufne, bezpieczne i nie zostan\u0105 udost\u0119pnione jakimkolwiek podmiotom trzecim wbrew niniejszej Polityce.<\/li>\n<li>Korzystamy z narz\u0119dzi analitycznych, takich jak Google Analytics, kt\u00f3re zbieraj\u0105 anonimowe informacje na temat Twoich odwiedzin strony, takie jak podstrony, kt\u00f3re wy\u015bwietli\u0142e\u015b, czas, jaki sp\u0119dzi\u0142e\u015b na stronie czy przej\u015bcia pomi\u0119dzy poszczeg\u00f3lnymi podstronami. Wi\u0105\u017ce si\u0119 to z wykorzystaniem plik\u00f3w cookies Google.<\/li>\n<li>Korzystamy z narz\u0119dzi remarketingowych, takich jak np. Facebook Pixel, by kierowa\u0107 do Ciebie reklamy.<\/li>\n<li>Wy\u015bwietlamy na stronie filmy pochodz\u0105ce z serwisu YouTube. Ogl\u0105danie tych film\u00f3w wi\u0105\u017ce si\u0119 z akceptacj\u0105 plik\u00f3w cookies firmy Google dotycz\u0105cych us\u0142ugi YouTube.<\/li>\n<li>Zapewniamy mo\u017cliwo\u015b\u0107 korzystania z funkcji spo\u0142eczno\u015bciowych, takich jak udost\u0119pnianie tre\u015bci w serwisach spo\u0142eczno\u015bciowych oraz subskrypcja profilu spo\u0142eczno\u015bciowego. Korzystanie z tych funkcji wi\u0105\u017ce si\u0119 z wykorzystywaniem plik\u00f3w cookies administrator\u00f3w serwis\u00f3w spo\u0142eczno\u015bciowych takich jak Facebook, Twitter, Instagram, Linkedin, YouTube.<\/li>\n<li>Wykorzystujemy pliki cookies, by\u015b m\u00f3g\u0142 w spos\u00f3b komfortowy korzysta\u0107 ze strony.<\/li>\n<li>Mo\u017cemy udost\u0119pni\u0107 Twoje dane osobowe innym podmiotom z grupy ENGIE oraz wybranym i zaufanym osobom\/podmiotom trzecim wsp\u00f3\u0142pracuj\u0105cym z nam, w zakresie obs\u0142ugi dostaw, windykacji nale\u017cno\u015bci, obs\u0142ugi prawnej i ksi\u0119gowej, przygotowania ofert handlowych, organizacji dzia\u0142a\u0144 promocyjnych oraz obs\u0142ugi IT.<\/li>\n<\/ul>\n<p>Je\u017celi powy\u017csze informacje nie s\u0105 dla Ciebie wystarczaj\u0105ce, poni\u017cej znajdziesz dalej id\u0105ce szczeg\u00f3\u0142y.<\/p>\n<p><strong>DANE OSOBOWE<\/strong><\/p>\n<p>Administratorem Twoich danych osobowych w rozumieniu przepis\u00f3w o ochronie danych osobowych jest:<\/p>\n<p>ENGIE TECHNIKA INSTALACYJNA Sp. z o.o., ul. Bobrowiecka 8, 00-728 Warszawa<\/p>\n<p>Zapytania w sprawach zwi\u0105zanych z ochron\u0105 danych osobowych mo\u017cna kierowa\u0107 na adres e-mail:\u00a0<a href=\"mailto:ETI.inspektorODO@engie.com\">ETI.inspektorODO@engie.com<\/a><\/p>\n<p>Twoje dane osobowe przetwarzane s\u0105 zgodnie z Rozporz\u0105dzeniem Parlamentu Europejskiego i Rady (UE) 2016\/679 z dnia 27 kwietnia 2016 r. w sprawie ochrony os\u00f3b fizycznych w zwi\u0105zku z przetwarzaniem danych osobowych i w sprawie swobodnego przep\u0142ywu takich danych oraz uchylenia dyrektywy 95\/46\/WE (og\u00f3lne rozporz\u0105dzenie o ochronie danych); dalej: <strong>RODO<\/strong>.<\/p>\n<p>&nbsp;<\/p>\n<p><strong>ZAKRES ZBIERANYCH DANYCH<\/strong><\/p>\n<p>Operator Serwisu przetwarzane dane osobowe wy\u0142\u0105cznie w zakresie niezb\u0119dnym do realizacji \u015bci\u015ble okre\u015blonego celu w oparciu o odpowiedni\u0105 podstaw\u0119 prawn\u0105. Zakres danych jakie s\u0105 przetwarzane to:<\/p>\n<ul>\n<li>imi\u0119 i nazwisko,<\/li>\n<li>adres e-mail,<\/li>\n<li>dane dobrowolnie przes\u0142ane przez Ciebie w formularzy kontaktowym lub wiadomo\u015bci e-mail,<\/li>\n<li>dane przekazane na potrzeby procesu rekrutacji.<\/li>\n<\/ul>\n<p>&nbsp;<\/p>\n<p>Dodatkowo w celu dostosowania i rozwoju funkcjonalno\u015bci strony, w tym jej struktury i zawarto\u015bci do indywidualnych potrzeb U\u017cytkownik\u00f3w oraz zachowania bezpiecze\u0144stwa i jako\u015bci \u015bwiadczonych przez Serwis us\u0142ug wykorzystywana jest technologia, kt\u00f3ra gromadzi oraz przetwarza dane zapisane w plikach cookies, w tym adres IP (szczeg\u00f3\u0142y opisano w sekcji Polityka cookies).<\/p>\n<p><strong>\u00a0<\/strong><\/p>\n<p><strong>CELE I PODSTAWY PRAWNE PRZETWARZANIA DANYCH <\/strong><\/p>\n<p>Twoje dane osobowe przetwarzane s\u0105 w nast\u0119puj\u0105cych celach:<\/p>\n<ol>\n<li>udzielania odpowiedzi na zapytania kierowane przez Ciebie do administratora (art. 6 ust. 1 lit. f RODO);<\/li>\n<li>zg\u0142oszenia swojej aplikacji w prowadzonych przez nas procesach rekrutacji (art. 6 ust. 1 lit. a RODO i art. 6 ust. 1 lit. b RODO);<\/li>\n<li>dostosowania i rozwoju funkcjonalno\u015bci strony, w tym jej struktury i wy\u015bwietlanych tre\u015bci do Twoich indywidualnych preferencji, tworzenia zagregowanych statystyk oraz zachowania bezpiecze\u0144stwa i jako\u015bci \u015bwiadczonych przez Serwis us\u0142ug (art. 6 ust. 1 lit. f RODO).<\/li>\n<\/ol>\n<p><strong>\u00a0<\/strong><\/p>\n<p><strong>OKRES PRZETWARZANIA DANYCH OSOBOWYCH<\/strong><\/p>\n<p>Twoje dane osobowe przetwarzane b\u0119d\u0105 przez czas niezb\u0119dny do realizacji celu, dla kt\u00f3rego zosta\u0142y zebrane, w tym<\/p>\n<ol>\n<li>dane przetwarzane na potrzeby utrzymania kontaktu z Tob\u0105 i odpowiedzi na Twoje pytania \u2013 przez 6 miesi\u0119cy liczone od dnia ostatniego kontaktu;<\/li>\n<li>dane zebrane na potrzeby przeprowadzenia procesu rekrutacji \u2013 przez maksymalnie 90 dni liczone od dnia zako\u0144czenia procesu rekrutacji, w kt\u00f3rym bra\u0142e\u015b udzia\u0142;<\/li>\n<li>dane zebrane na potrzeby dostosowania funkcjonalno\u015bci strony do Twoich indywidualnych potrzeb \u2013 do momentu wniesienia przez Ciebie sprzeciwu, jednak nie d\u0142u\u017cej ni\u017c 24 miesi\u0105ce od ich zebrania.<\/li>\n<\/ol>\n<p>&nbsp;<\/p>\n<p><strong>INFORMACJE O PRZETWARZANIU<\/strong><\/p>\n<ol>\n<li>Odbiorcami danych osobowych mog\u0105 by\u0107 partnerzy biznesowi, technologiczni, logistyczni i organizacyjni Operatora Serwisu.<\/li>\n<li>Dane osobowe przetwarzane przez Operatora Serwisu, co do zasady nie b\u0119d\u0105 przekazywane poza Europejski Obszar Gospodarczy (EOG) oraz organizacji mi\u0119dzynarodowych, z zastrze\u017ceniem ponadnarodowego charaktery przep\u0142ywu danych w ramach korzystania z narz\u0119dzi informatycznych typu Google Analytics czy Facebook Pixel oraz medi\u00f3w spo\u0142eczno\u015bciowych (Facebook, You Tube), kt\u00f3rych dostawcy posiadaj\u0105 certyfikaty EU_US Privacy Shield po\u015bwiadczaj\u0105ce zapewnienie odpowiedniego poziom ochrony danych osobowych.<\/li>\n<li>Bez wzgl\u0119du na cel przetwarzania podanie danych jest dobrowolne, jednak ich niepodanie mo\u017ce uniemo\u017cliwi\u0107 w zale\u017cno\u015bci od konkretnego przypadku zawarcie umowy lub korzystanie z wybranych us\u0142ug w ramach serwisu i jego funkcjonalno\u015bci.<\/li>\n<\/ol>\n<p>&nbsp;<\/p>\n<p><strong>PRZYS\u0141UGUJ\u0104CE CI PRAWA<\/strong><\/p>\n<ol>\n<li>W zwi\u0105zku z przetwarzaniem przez Operatora Serwisu Twoich danych osobowych przys\u0142uguje Ci prawo:<\/li>\n<\/ol>\n<ul>\n<li>dost\u0119pu do tre\u015bci swoich danych osobowych,<\/li>\n<li>sprostowania danych,<\/li>\n<li>usuni\u0119cia danych,<\/li>\n<li>ograniczenia przetwarzania danych,<\/li>\n<li>przenoszenia danych,<\/li>\n<li>wniesienia sprzeciwu wobec przetwarzania odbywaj\u0105cego si\u0119 na podstawie usprawiedliwionego interesu administratora,<\/li>\n<li>do wycofania zgody w dowolnym momencie bez wp\u0142ywu na zgodno\u015b\u0107 z prawem przetwarzania, kt\u00f3rego dokonano na podstawie tej zgody przed jej cofni\u0119ciem.<\/li>\n<\/ul>\n<ol start=\"2\">\n<li>Posiadasz r\u00f3wnie\u017c prawo do wniesienia skargi do Prezesa Urz\u0119du Ochrony Danych Osobowych, gdy uzna, \u017ce przetwarzanie narusza przepisy og\u00f3lnego rozporz\u0105dzania o ochronie danych.<\/li>\n<\/ol>\n<p>&nbsp;<\/p>\n<p>Powy\u017csze uprawnienia mo\u017cesz realizowa\u0107 zgodnie z zasadami opisanymi w art. 15 \u2013 21 RODO, kontaktuj\u0105c si\u0119 na adres\u00a0<a href=\"mailto:ETI.inspektorODO@engie.com\">ETI.inspektorODO@engie.com<\/a><\/p>\n<p><strong>\u00a0<\/strong><\/p>\n<p><strong>Bezpiecze\u0144stwo<\/strong><\/p>\n<p>Ta strona w ca\u0142o\u015bci lub w cz\u0119\u015bci wykorzystuje szyfrowanie SSL lub TLS ze wzgl\u0119d\u00f3w bezpiecze\u0144stwa i do ochrony transmisji poufnych tre\u015bci, takich jak zapytania wysy\u0142ane do nas jako operator witryny. Mo\u017cesz rozpozna\u0107 zaszyfrowane po\u0142\u0105czenie w linii adresowej przegl\u0105darki, gdy zmieni si\u0119 z \u201chttp: \/\/\u201d na \u201chttps: \/\/\u201d, a ikona k\u0142\u00f3dki jest wy\u015bwietlana na pasku adresu przegl\u0105darki. Je\u015bli aktywowane jest szyfrowanie SSL lub TLS, dane, kt\u00f3re nam przekazujesz, nie mog\u0105 by\u0107 odczytane przez osoby trzecie.<\/p>\n<p>Gwarantujemy Ci poufno\u015b\u0107 wszelkich przekazanych nam danych osobowych. Zapewniamy podj\u0119cie wszelkich \u015brodk\u00f3w bezpiecze\u0144stwa i ochrony danych osobowych wymaganych przez przepisy o ochronie danych osobowych. Dane osobowe s\u0105 gromadzone z nale\u017cyt\u0105 staranno\u015bci\u0105 i odpowiednio chronione przed dost\u0119pem do nich przez osoby do tego nieupowa\u017cnione. Dane osobowe przetwarzane s\u0105 wy\u0142\u0105cznie na terytorium Unii Europejskiej.<\/p>\n<p><strong>Kontakt przy pomocy kana\u0142\u00f3w elektronicznych<\/strong><\/p>\n<p>Kontaktuj\u0105c si\u0119 z nami za po\u015brednictwem poczty elektronicznej lub innych komunikator\u00f3w, w spos\u00f3b naturalny przekazujesz nam sw\u00f3j adres e-mail \/ profil u\u017cytkownika jako adres nadawcy wiadomo\u015bci. Ponadto, w tre\u015bci wiadomo\u015bci mo\u017cesz zawrze\u0107 r\u00f3wnie\u017c inne dane osobowe. Podstaw\u0105 prawn\u0105 przetwarzania danych osobowych w takim przypadku jest prawnie uzasadniony interes administratora polegaj\u0105cy na rozwijaniu i umacnianiu kontakt\u00f3w z naszymi Klientami. Twoje dane osobowe przekazywane nam w ramach kontaktu e-mailowego przetwarzane s\u0105 wy\u0142\u0105cznie w celu obs\u0142ugi Twojego zapytania. Tre\u015b\u0107 korespondencji mo\u017ce podlega\u0107 archiwizacji.<\/p>\n<p><strong>Formularz kontaktowy<\/strong><\/p>\n<p>Je\u015bli wy\u015blesz nam pytania za po\u015brednictwem formularza kontaktowego, pobieramy dane wprowadzone w formularzu, w tym dane kontaktowe, kt\u00f3re podasz, aby odpowiedzie\u0107 na twoje pytanie i wszelkie dalsze pytania. Nie udost\u0119pniamy tych informacji bez Twojej zgody. Zachowamy dane podane przez Ciebie w formularzu kontaktowym, dop\u00f3ki nie wniesiesz sprzeciwu lub nie b\u0119dzie ju\u017c potrzebny cel przechowywania (np. po wype\u0142nieniu pro\u015bby).<\/p>\n<p><strong>\u00a0<\/strong><\/p>\n<p><strong>\u00a0<\/strong><\/p>\n<p><strong>\u00a0<\/strong><\/p>\n<p><strong>\u00a0<\/strong><\/p>\n<p><strong>PLIKI COOKIES I INNE TECHNOLOGIE \u015aLEDZ\u0104CE<\/strong><\/p>\n<p>Nasza strona wykorzystuje pliki cookies, by zapewni\u0107 Ci najlepsze do\u015bwiadczenia zwi\u0105zane z korzystaniem ze strony.<\/p>\n<p>Cookies to niewielkie informacje tekstowe, przechowywane na Twoim urz\u0105dzeniu ko\u0144cowym (np. komputerze, tablecie, smartfonie), kt\u00f3re mog\u0105 by\u0107 odczytywane przez nasz system teleinformatyczny.<\/p>\n<p>Cookies pozwalaj\u0105 nam:<\/p>\n<ul>\n<li>zapewni\u0107 prawid\u0142owe funkcjonowanie strony jakiego oczekujesz,<\/li>\n<li>poprawi\u0107 szybko\u015b\u0107 i bezpiecze\u0144stwo korzystania ze strony,<\/li>\n<li>ulepsza\u0107 funkcje dost\u0119pne dla Ciebie na stronie,<\/li>\n<li>korzysta\u0107 z narz\u0119dzi analitycznych,<\/li>\n<li>korzysta\u0107 z narz\u0119dzi marketingowych,<\/li>\n<li>wy\u015bwietla\u0107 na stronach filmy z serwisu YouTube,<\/li>\n<li>zapewnia\u0107 funkcje spo\u0142eczno\u015bciowe.<\/li>\n<\/ul>\n<p>Wi\u0119cej szczeg\u00f3\u0142\u00f3w znajdziesz poni\u017cej.<\/p>\n<p><strong>Zgoda na cookies<\/strong><\/p>\n<p>Podczas pierwszej wizyty na stronie wy\u015bwietlana jest informacja na temat stosowania plik\u00f3w cookies. Zaakceptowanie i zamkni\u0119cie tej informacji oznacza, \u017ce wyra\u017casz zgod\u0119 na wykorzystywanie plik\u00f3w cookies zgodnie z postanowieniami niniejszej Polityki prywatno\u015bci. Zgod\u0119 zawsze mo\u017cesz wycofa\u0107, usuwaj\u0105c pliki cookies oraz zmieniaj\u0105c ustawienia plik\u00f3w cookies w Twojej przegl\u0105darce. Pami\u0119taj jednak, \u017ce wy\u0142\u0105czenie plik\u00f3w cookies mo\u017ce powodowa\u0107 trudno\u015bci w korzystaniu ze strony, jak r\u00f3wnie\u017c z wielu innych stron internetowych, kt\u00f3re stosuj\u0105 cookies.<\/p>\n<p>Pliki cookies mo\u017cna podzieli\u0107 na w\u0142asne oraz pochodz\u0105ce od podmiot\u00f3w trzecich<strong>.<\/strong><\/p>\n<p><strong>Cookies w\u0142asne<\/strong><\/p>\n<p>Cookies w\u0142asne wykorzystujemy w celu prawid\u0142owego dzia\u0142ania strony.<\/p>\n<p><strong>Cookies podmiot\u00f3w trzecich<\/strong><\/p>\n<p>Nasza strona wykorzystuje funkcje zapewniane przez podmioty trzecie, co wi\u0105\u017ce si\u0119 z wykorzystywaniem plik\u00f3w cookies pochodz\u0105cych od podmiot\u00f3w trzecich. Wykorzystanie tego rodzaju plik\u00f3w cookies zosta\u0142o opisane poni\u017cej.<\/p>\n<p><strong>Wtyczka przegl\u0105darki<\/strong><\/p>\n<p>Mo\u017cesz zapobiec zapisywaniu tych plik\u00f3w cookie, wybieraj\u0105c odpowiednie ustawienia w przegl\u0105darce. Pragniemy jednak zaznaczy\u0107, \u017ce mo\u017ce to oznacza\u0107, \u017ce nie b\u0119dziecie mogli cieszy\u0107 si\u0119 pe\u0142n\u0105 funkcjonalno\u015bci\u0105 tej strony. Mo\u017cesz r\u00f3wnie\u017c uniemo\u017cliwi\u0107 przekazywanie danych generowanych przez pliki cookie dotycz\u0105ce korzystania z witryny (w tym adresu IP) do Google oraz przetwarzania tych danych przez Google, pobieraj\u0105c i instaluj\u0105c wtyczk\u0119 do przegl\u0105darki dost\u0119pn\u0105 pod nast\u0119puj\u0105cym linkiem:<\/p>\n<p><a href=\"https:\/\/tools.google.com\/dlpage\/gaoptout?hl=en\">https:\/\/tools.google.com\/dlpage\/gaoptout?hl=en<\/a>.<\/p>\n<p><strong>Analiza i statystyka<\/strong><\/p>\n<p>Wykorzystujemy cookies do \u015bledzenia statystyk strony, takich jak liczba os\u00f3b odwiedzaj\u0105cych, rodzaj systemu operacyjnego i przegl\u0105darki internetowej wykorzystywanej do przegl\u0105dania strony, czas sp\u0119dzony na stronie, odwiedzone podstrony etc. Korzystamy w tym zakresie z narz\u0119dzia Google Analytics. Zbierane w tym zakresie informacje s\u0105 ca\u0142kowicie anonimowe i nie pozwalaj\u0105 na Twoj\u0105 identyfikacj\u0119. W tym celu wykorzystywane s\u0105 pliki cookies firmy Google Inc., 1600 Amphitheatre Parkway, Mountain View, CA 94043, USA, dotycz\u0105ce us\u0142ugi Google Analytics.<\/p>\n<p>Korzystanie z us\u0142ug Google Analytics wi\u0105\u017ce si\u0119 z zaimplementowaniem w kodzie naszej strony udost\u0119pnionego przez Google kodu \u015bledz\u0105cego (tzw. tracking code). Kod ten bazuje na plikach cookies, ale mo\u017ce wykorzystywa\u0107 r\u00f3wnie\u017c inne technologie \u015bledz\u0105ce. Pliki cookie Google Analytics s\u0105 przechowywane na podstawie art. 6 ust. 1 lit. f RODO. Operator witryny ma uzasadniony interes w analizie zachowa\u0144 u\u017cytkownik\u00f3w, aby zoptymalizowa\u0107 zar\u00f3wno witryn\u0119 internetow\u0105, jak i reklam\u0119.<\/p>\n<p><strong>Funkcje spo\u0142eczno\u015bciowe i marketing<\/strong><\/p>\n<p>Korzystamy z narz\u0119dzi marketingowych Facebook, Twitter, Instagram, Linkedin, by kierowa\u0107 do Ciebie reklamy w tych serwisach. W tym celu zaimplementowali\u015bmy w kodzie strony narz\u0119dzia pochodz\u0105ce od tych podmiot\u00f3w. Zapewniamy mo\u017cliwo\u015b\u0107 korzystania z funkcji spo\u0142eczno\u015bciowych, takich jak udost\u0119pnianie tre\u015bci w serwisach spo\u0142eczno\u015bciowych oraz subskrypcja profilu spo\u0142eczno\u015bciowego. Korzystanie z tych funkcji wi\u0105\u017ce si\u0119 z wykorzystywaniem plik\u00f3w cookies administrator\u00f3w serwis\u00f3w spo\u0142eczno\u015bciowych takich jak Facebook, Twitter, Instagram, Linkedin, YouTube.<\/p>\n<p><strong>Wtyczki do Facebooka<\/strong><\/p>\n<p>Nasza strona internetowa zawiera wtyczki do sieci spo\u0142eczno\u015bciowej Facebook, Facebook Inc., 1 Hacker Way, Menlo Park, California 94025, USA. Wtyczki Facebooka mo\u017cna rozpozna\u0107 po logo Facebook lub przycisku Lubi\u0119 to na naszej stronie. Aby uzyska\u0107 przegl\u0105d wtyczek Facebooka, zobacz:<\/p>\n<p><a href=\"https:\/\/developers.facebook.com\/docs\/plugins\/\">https:\/\/developers.facebook.com\/docs\/plugins\/<\/a><\/p>\n<p>Gdy odwiedzasz nasz\u0105 stron\u0119, poprzez wtyczk\u0119 tworzone jest bezpo\u015brednie po\u0142\u0105czenie mi\u0119dzy Twoj\u0105 przegl\u0105dark\u0105 a serwerem Facebooka. Dzi\u0119ki temu Facebook mo\u017ce otrzymywa\u0107 informacje o odwiedzonych przez nas stronach z Twojego adresu IP. Je\u015bli klikniesz na \u201cprzycisk Lubi\u0119 to\u201d Facebook, gdy jeste\u015b zalogowany na swoje konto na Facebooku, mo\u017cesz po\u0142\u0105czy\u0107 zawarto\u015b\u0107 naszej strony z Twoim profilem na Facebooku. Dzi\u0119ki temu Facebook mo\u017ce kojarzy\u0107 wizyty w naszej witrynie z Twoim kontem u\u017cytkownika. Nale\u017cy pami\u0119ta\u0107, \u017ce jako operator tej witryny nie mamy wiedzy o tre\u015bci danych przesy\u0142anych do Facebooka ani o tym, w jaki spos\u00f3b Facebook wykorzystuje te dane. Aby uzyska\u0107 wi\u0119cej informacji, zobacz polityk\u0119 prywatno\u015bci Facebooka na:<\/p>\n<p><a href=\"https:\/\/de-de.facebook.com\/policy.php\">https:\/\/de-de.facebook.com\/policy.php<\/a>.<\/p>\n<p>Je\u015bli nie chcesz, aby Facebook kojarzy\u0142 Twoj\u0105 wizyt\u0119 w naszej witrynie z Twoim kontem na Facebooku, wyloguj si\u0119 ze swojego konta na Facebooku.<\/p>\n<p><strong>Wtyczka do Twittera<\/strong><\/p>\n<p>Funkcje us\u0142ugi Twitter zosta\u0142y zintegrowane z nasz\u0105 witryn\u0105 i aplikacj\u0105. Funkcje te s\u0105 oferowane przez Twitter Inc., 1355 Market Street, Suite 900, San Francisco, CA 94103, USA. Gdy korzystasz z Twittera i funkcji \u201cPrze\u015blij dalej\u201d, odwiedzane witryny s\u0105 po\u0142\u0105czone z Twoim kontem na Twitterze i znane innym u\u017cytkownikom. W ten spos\u00f3b dane zostan\u0105 r\u00f3wnie\u017c przes\u0142ane do Twittera. Zwracamy uwag\u0119, \u017ce jako dostawca tych stron, nie mamy wiedzy na temat tre\u015bci przekazywanych danych ani sposobu ich wykorzystania przez Twittera. Aby uzyska\u0107 wi\u0119cej informacji na temat polityki prywatno\u015bci serwisu Twitter, przejd\u017a na stron\u0119\u00a0<a href=\"https:\/\/twitter.com\/privacy\">https:\/\/twitter.com\/privacy<\/a>.<br \/>\nTwoje preferencje prywatno\u015bci na Twitterze mo\u017cna zmieni\u0107 w ustawieniach konta na:<\/p>\n<p><a href=\"https:\/\/twitter.com\/account\/settings\">https:\/\/twitter.com\/account\/settings<\/a>.<\/p>\n<p><strong>Wtyczka Instagram<\/strong><\/p>\n<p>Nasza strona internetowa zawiera funkcje serwisu Instagram. Funkcje te s\u0105 oferowane przez Instagram Inc., 1601 Willow Road, Menlo Park, CA 94025, USA.<\/p>\n<p>Je\u015bli jeste\u015b zalogowany na swoje konto na Instagramie, mo\u017cesz klikn\u0105\u0107 przycisk Instagram, aby po\u0142\u0105czy\u0107 zawarto\u015b\u0107 naszych stron z Twoim profilem na Instagramie. Oznacza to, \u017ce Instagram mo\u017ce kojarzy\u0107 odwiedziny naszych stron z Twoim kontem u\u017cytkownika. Jako dostawca tej witryny wyra\u017anie zaznaczamy, \u017ce nie otrzymujemy \u017cadnych informacji na temat tre\u015bci przesy\u0142anych danych ani ich wykorzystania przez Instagram.<br \/>\nAby uzyska\u0107 wi\u0119cej informacji, zobacz Polityka prywatno\u015bci Instagram:<\/p>\n<p><a href=\"https:\/\/instagram.com\/about\/legal\/privacy\/\">https:\/\/instagram.com\/about\/legal\/privacy\/<\/a>.<\/p>\n<p><strong>Wtyczka LinkedIn<\/strong><\/p>\n<p>Nasza strona korzysta z funkcji z sieci LinkedIn.\u00a0Us\u0142uga jest \u015bwiadczona przez LinkedIn Corporation, 2029 Stierlin Court, Mountain View, CA 94043, USA.<\/p>\n<p>Za ka\u017cdym razem, gdy uzyskuje si\u0119 dost\u0119p do jednej z naszych stron zawieraj\u0105cych funkcje LinkedIn, przegl\u0105darka nawi\u0105zuje bezpo\u015brednie po\u0142\u0105czenie z serwerami LinkedIn. LinkedIn jest informowany, \u017ce odwiedzi\u0142e\u015b nasze strony internetowe ze swojego adresu IP. Je\u015bli u\u017cywasz przycisku LinkedIn \u201cPole\u0107\u201d i jeste\u015b zalogowany na koncie LinkedIn, LinkedIn mo\u017ce powi\u0105za\u0107 Twoj\u0105 wizyt\u0119 z nasz\u0105 witryn\u0105 z kontem u\u017cytkownika. Chcieliby\u015bmy podkre\u015bli\u0107, \u017ce jako dostawca tych stron nie mamy wiedzy na temat tre\u015bci przekazywanych danych ani sposobu ich wykorzystania przez LinkedIn. Wi\u0119cej informacji mo\u017cna znale\u017a\u0107 w polityce prywatno\u015bci LinkedIn na stronie:<\/p>\n<p><a href=\"https:\/\/www.linkedin.com\/legal\/privacy-policy\">https:\/\/www.linkedin.com\/legal\/privacy-policy<\/a>.<\/p>\n<p><strong>YouTube<\/strong><\/p>\n<p>Nasza strona internetowa korzysta z wtyczek z serwisu YouTube obs\u0142ugiwanych przez Google.\u00a0Operatorem stron jest YouTube LLC, 901 Cherry Ave., San Bruno, CA 94066, USA.<\/p>\n<p>Je\u015bli odwiedzasz jedn\u0105 z naszych stron z wtyczk\u0105 YouTube, nawi\u0105zane jest po\u0142\u0105czenie z serwerami YouTube. Tutaj serwer YouTube jest informowany o tym, kt\u00f3re strony odwiedzi\u0142e\u015b.<\/p>\n<p>Je\u015bli jeste\u015b zalogowany na swoje konto YouTube, YouTube pozwala powi\u0105za\u0107 zachowanie przegl\u0105dania bezpo\u015brednio z Twoim osobistym profilem. Mo\u017cesz temu zapobiec, wylogowuj\u0105c si\u0119 z konta YouTube. Youtube jest u\u017cywany, aby nasza strona by\u0142a atrakcyjna. Stanowi to uzasadniony interes zgodnie z art. art. 6 ust. 1 lit. f RODO. Wi\u0119cej informacji na temat przetwarzania danych u\u017cytkownika mo\u017cna znale\u017a\u0107 w deklaracji ochrony danych w serwisie YouTube pod adresem:<\/p>\n<p><a href=\"https:\/\/www.google.de\/intl\/de\/policies\/privacy\">https:\/\/www.google.de\/intl\/de\/policies\/privacy<\/a><\/p>\n<p><strong>Mapy Google<\/strong><\/p>\n<p>Ta strona korzysta z us\u0142ugi mapowej Map Google za po\u015brednictwem interfejsu API.\u00a0Jest obs\u0142ugiwany przez Google Inc., 1600 Amphitheatre Parkway, Mountain View, CA 94043, USA.<\/p>\n<p>Aby korzysta\u0107 z Map Google, konieczne jest zapisanie adresu IP. Informacje te s\u0105 zwykle przesy\u0142ane na serwer Google w USA i tam przechowywane. Dostawca tej strony nie ma wp\u0142ywu na ten transfer danych. Korzystanie z Map Google ma na celu uatrakcyjnienie naszej witryny i u\u0142atwienie lokalizacji wskazanych przez nas miejsc na stronie internetowej. Stanowi to uzasadniony interes zgodnie z art. art. 6 ust. 1 lit. f RODO. Wi\u0119cej informacji na temat przetwarzania danych u\u017cytkownika mo\u017cna znale\u017a\u0107 w deklaracji ochrony danych Google pod adresem:<\/p>\n<p><a href=\"https:\/\/www.google.de\/intl\/de\/policies\/privacy\/\">https:\/\/www.google.de\/intl\/de\/policies\/privacy\/<\/a>.<\/p>\n<p><strong>Logi serwera<\/strong><\/p>\n<p>Korzystanie ze strony wi\u0105\u017ce si\u0119 z przesy\u0142aniem zapyta\u0144 do serwera, na kt\u00f3rym przechowywana jest strona. Ka\u017cde zapytanie skierowane do serwera zapisywane jest w logach serwera.<\/p>\n<p>Logi obejmuj\u0105 m.in. Tw\u00f3j adres IP, dat\u0119 i czas serwera, informacje o przegl\u0105darce internetowej i systemie operacyjnym z jakiego korzystasz. Logi zapisywane i przechowywane s\u0105 na serwerze.<\/p>\n<p>Dane zapisane w logach serwera nie s\u0105 kojarzone z konkretnymi osobami korzystaj\u0105cymi z serwisu i nie s\u0105 wykorzystywane przez nas w celu Twojej identyfikacji.<\/p>\n<p>Logi serwera stanowi\u0105 wy\u0142\u0105cznie materia\u0142 pomocniczy s\u0142u\u017c\u0105cy do administrowania stron\u0105 a ich zawarto\u015b\u0107 nie jest ujawniana nikomu poza osobami upowa\u017cnionymi do administrowania serwerem.<\/p>\n<p>&nbsp;<\/p>","protected":false},"excerpt":{"rendered":"<p>Je\u017celi tutaj trafi\u0142e\u015b, to niezawodny znak, \u017ce cenisz swoj\u0105 prywatno\u015b\u0107. Doskonale to rozumiemy, dlatego przygotowali\u015bmy dla Ciebie ten dokument, w kt\u00f3rym znajdziesz zasady przetwarzania danych osobowych oraz wykorzystywania plik\u00f3w cookies i innych technologii \u015bledz\u0105cych w zwi\u0105zku z korzystaniem ze niniejszej strony internetowej Informacja formalna na pocz\u0105tek \u2013 operatorem serwisu oraz administratorem Twoich danych osobowych jest: [&hellip;]<\/p>\n","protected":false},"author":1,"featured_media":0,"parent":0,"menu_order":0,"comment_status":"closed","ping_status":"closed","template":"","meta":[],"_links":{"self":[{"href":"https:\/\/engie-instalacje.pl\/en\/wp-json\/wp\/v2\/pages\/398"}],"collection":[{"href":"https:\/\/engie-instalacje.pl\/en\/wp-json\/wp\/v2\/pages"}],"about":[{"href":"https:\/\/engie-instalacje.pl\/en\/wp-json\/wp\/v2\/types\/page"}],"author":[{"embeddable":true,"href":"https:\/\/engie-instalacje.pl\/en\/wp-json\/wp\/v2\/users\/1"}],"replies":[{"embeddable":true,"href":"https:\/\/engie-instalacje.pl\/en\/wp-json\/wp\/v2\/comments?post=398"}],"version-history":[{"count":0,"href":"https:\/\/engie-instalacje.pl\/en\/wp-json\/wp\/v2\/pages\/398\/revisions"}],"wp:attachment":[{"href":"https:\/\/engie-instalacje.pl\/en\/wp-json\/wp\/v2\/media?parent=398"}],"curies":[{"name":"wp","href":"https:\/\/api.w.org\/{rel}","templated":true}]}}