{"id":380,"date":"2016-08-08T10:37:09","date_gmt":"2016-08-08T08:37:09","guid":{"rendered":"http:\/\/engietest2.cofely.waw.pl\/?page_id=380"},"modified":"2021-03-11T15:48:22","modified_gmt":"2021-03-11T14:48:22","slug":"spolki-w-polsce","status":"publish","type":"page","link":"https:\/\/engie-instalacje.pl\/en\/spolki-w-polsce\/","title":{"rendered":"Companies in Poland"},"content":{"rendered":"<div class=\"kontakt\"><strong>ENGIE Zielona Energia Sp. z o.o.<\/strong><br \/>\nul. Uniwersytecka 13, 40-007\u00a0Katowice<br \/>\nTel:\u00a032 603 05 99<br \/>\ninfo@engie-zielonaenergia.pl<br \/>\n<a style=\"color: blue;\" href=\"http:\/\/www.engie-zielonaenergia.pl\/\" target=\"_blank\" rel=\"noopener noreferrer\">www.engie-zielonaenergia.pl<\/a><\/p>\n<table style=\"height: 702px;\" width=\"1395\">\n<tbody>\n<tr>\n<td><strong>ENGIE EC S\u0142upsk Sp. z o.o.<\/strong><br \/>\nul. Koszali\u0144ska 3D, 76-200 S\u0142upsk<br \/>\ntel: 59 848 63 00<br \/>\nPogotowie Ciep\u0142ownicze 993<br \/>\nsekretariat@ecslupsk.pl<br \/>\n<a style=\"color: blue;\" href=\"http:\/\/www.ecslupsk.pl\" target=\"_blank\" rel=\"noopener noreferrer\">www.ecslupsk.pl<\/a><\/td>\n<td><strong>ENGIE\u00a0EC serwis Sp. z o.o.<\/strong><br \/>\nul. Kulczy\u0144skiego 6,\u00a076-200 S\u0142upsk<br \/>\ntel: 59 847 44 80<br \/>\nPogotowie techniczne 993<br \/>\ninfo@engie-ecslupsk.pl<br \/>\n<a style=\"color: blue;\" href=\"http:\/\/www.engie-ecslupsk.pl\">www.engie-ecslupsk.pl<\/a><\/td>\n<\/tr>\n<tr>\n<td><strong>ENGIE\u00a0Elektromonta\u017c Sp. z o.o.<\/strong><br \/>\nul. Nasyp 6, 44-100 Gliwice<br \/>\ntel: 32 231 48 83<br \/>\ninfo@engie-elektromontaz.pl<br \/>\n<a style=\"color: blue;\" href=\"http:\/\/www.engie-elektromontaz.pl\" target=\"_blank\" rel=\"noopener noreferrer\">www.engie-elektromontaz.pl<\/a><\/td>\n<td><strong>ENGIE Elektromonta\u017c Sp. z o.o.<\/strong><br \/>\nOddzia\u0142 Bydgoszcz<br \/>\nul. Toru\u0144ska 151, 85-880 Bydgoszcz<br \/>\ntel: 52 362 77 20<br \/>\ninfo@engie-elektromontaz.pl<br \/>\n<a style=\"color: blue;\" href=\"http:\/\/www.engie-elektromontaz.pl\" target=\"_blank\" rel=\"noopener noreferrer\">www.engie-elektromontaz.pl<\/a><\/td>\n<\/tr>\n<tr>\n<td><strong>ENGIE\u00a0Z\u0142ot\u00f3w Sp. z o.o.<\/strong><br \/>\nul. Za Dworcem 3, 77-400 Z\u0142ot\u00f3w<br \/>\nTel.: 67 263 29 69<br \/>\n<a style=\"color: blue;\" href=\"http:\/\/www.engie-zlotow.com\" target=\"_blank\" rel=\"noopener noreferrer\">www.engie-zlotow.com<\/a><\/td>\n<td><strong>ENGIE SAR Sp. z o.o.<\/strong><br \/>\nul. Zwole\u0144ska 97, 04-761 Warszawa<br \/>\ntel. 22 615-70-74; fax. 22 615-77-15<br \/>\nsarserwis@sarserwis.pl<br \/>\n<span style=\"color: #0000ff;\"><a style=\"color: #0000ff;\" href=\"http:\/\/sar.sarserwis.pl\" target=\"_blank\" rel=\"noopener\">www.sarserwis.pl<\/a><\/span><\/td>\n<\/tr>\n<tr>\n<td><strong>ENGIE\u00a0Services Sp. z o.o.<\/strong><br \/>\nul. Bobrowiecka 8, 00-728 Warszawa<br \/>\nTel.: 22 518 01 86 do 88<br \/>\ninfo@engie-services.pl<br \/>\n<a style=\"color: blue;\" href=\"http:\/\/www.engie-services.pl\" target=\"_blank\" rel=\"noopener noreferrer\">www.engie-services.pl<\/a><\/td>\n<td><strong>ENGIE Technika Instalacyjna Sp. z o.o.<\/strong><br \/>\nul. Bobrowiecka 8 , 00-728 Warszawa<br \/>\nTel: 22 851 97 40<br \/>\nsekretariat@engie-instalacje.pl<br \/>\n<a style=\"color: blue;\" href=\"http:\/\/www.engie-instalacje.pl\" target=\"_blank\" rel=\"noopener noreferrer\">www.engie-instalacje.pl<\/a><\/td>\n<\/tr>\n<\/tbody>\n<\/table>\n<\/div>\n","protected":false},"excerpt":{"rendered":"<p>ENGIE Zielona Energia Sp. z o.o. ul. Uniwersytecka 13, 40-007\u00a0Katowice Tel:\u00a032 603 05 99 info@engie-zielonaenergia.pl www.engie-zielonaenergia.pl ENGIE EC S\u0142upsk Sp. z o.o. ul. Koszali\u0144ska 3D, 76-200 S\u0142upsk tel: 59 848 63 00 Pogotowie Ciep\u0142ownicze 993 sekretariat@ecslupsk.pl www.ecslupsk.pl ENGIE\u00a0EC serwis Sp. z o.o. ul. Kulczy\u0144skiego 6,\u00a076-200 S\u0142upsk tel: 59 847 44 80 Pogotowie techniczne 993 info@engie-ecslupsk.pl [&hellip;]<\/p>\n","protected":false},"author":1,"featured_media":0,"parent":0,"menu_order":0,"comment_status":"closed","ping_status":"closed","template":"","meta":[],"_links":{"self":[{"href":"https:\/\/engie-instalacje.pl\/en\/wp-json\/wp\/v2\/pages\/380"}],"collection":[{"href":"https:\/\/engie-instalacje.pl\/en\/wp-json\/wp\/v2\/pages"}],"about":[{"href":"https:\/\/engie-instalacje.pl\/en\/wp-json\/wp\/v2\/types\/page"}],"author":[{"embeddable":true,"href":"https:\/\/engie-instalacje.pl\/en\/wp-json\/wp\/v2\/users\/1"}],"replies":[{"embeddable":true,"href":"https:\/\/engie-instalacje.pl\/en\/wp-json\/wp\/v2\/comments?post=380"}],"version-history":[{"count":0,"href":"https:\/\/engie-instalacje.pl\/en\/wp-json\/wp\/v2\/pages\/380\/revisions"}],"wp:attachment":[{"href":"https:\/\/engie-instalacje.pl\/en\/wp-json\/wp\/v2\/media?parent=380"}],"curies":[{"name":"wp","href":"https:\/\/api.w.org\/{rel}","templated":true}]}}