{"id":131,"date":"2015-07-29T21:34:39","date_gmt":"2015-07-29T19:34:39","guid":{"rendered":"http:\/\/cofely.waw.pl\/?page_id=131"},"modified":"2016-08-09T22:18:59","modified_gmt":"2016-08-09T20:18:59","slug":"referencje-przemysl","status":"publish","type":"page","link":"https:\/\/engie-instalacje.pl\/en\/referencje-przemysl\/","title":{"rendered":"References &#8211; Industry"},"content":{"rendered":"<p><\/p>\n<ul>\n<li>Cadbury Wedel Warszawa<\/li>\n<li>Avon Garwolin<\/li>\n<li>L&#8217;oreal Kanie<\/li>\n<li>Delphi B\u0142onie<\/li>\n<li>Izoterm Czosn\u00f3w<\/li>\n<li>Manuli Radomsko<\/li>\n<li>United Oilfield Services \u0141owicz<\/li>\n<\/ul>\n<p><\/p>","protected":false},"excerpt":{"rendered":"<p>Cadbury Wedel Warszawa Avon Garwolin L&#8217;oreal Kanie Delphi B\u0142onie Izoterm Czosn\u00f3w Manuli Radomsko United Oilfield Services \u0141owicz<\/p>\n","protected":false},"author":1,"featured_media":0,"parent":0,"menu_order":0,"comment_status":"open","ping_status":"open","template":"","meta":[],"_links":{"self":[{"href":"https:\/\/engie-instalacje.pl\/en\/wp-json\/wp\/v2\/pages\/131"}],"collection":[{"href":"https:\/\/engie-instalacje.pl\/en\/wp-json\/wp\/v2\/pages"}],"about":[{"href":"https:\/\/engie-instalacje.pl\/en\/wp-json\/wp\/v2\/types\/page"}],"author":[{"embeddable":true,"href":"https:\/\/engie-instalacje.pl\/en\/wp-json\/wp\/v2\/users\/1"}],"replies":[{"embeddable":true,"href":"https:\/\/engie-instalacje.pl\/en\/wp-json\/wp\/v2\/comments?post=131"}],"version-history":[{"count":0,"href":"https:\/\/engie-instalacje.pl\/en\/wp-json\/wp\/v2\/pages\/131\/revisions"}],"wp:attachment":[{"href":"https:\/\/engie-instalacje.pl\/en\/wp-json\/wp\/v2\/media?parent=131"}],"curies":[{"name":"wp","href":"https:\/\/api.w.org\/{rel}","templated":true}]}}