{"id":119,"date":"2015-07-29T20:09:32","date_gmt":"2015-07-29T18:09:32","guid":{"rendered":"http:\/\/cofely.waw.pl\/?page_id=119"},"modified":"2016-08-09T10:24:58","modified_gmt":"2016-08-09T08:24:58","slug":"referencje-obiekty-handlowe","status":"publish","type":"page","link":"https:\/\/engie-instalacje.pl\/en\/referencje-obiekty-handlowe\/","title":{"rendered":"References &#8211; Commercial"},"content":{"rendered":"<p>\n\t\t<style type=\"text\/css\">\n\t\t\t#gallery-1 {\n\t\t\t\tmargin: auto;\n\t\t\t}\n\t\t\t#gallery-1 .gallery-item {\n\t\t\t\tfloat: left;\n\t\t\t\tmargin-top: 10px;\n\t\t\t\ttext-align: center;\n\t\t\t\twidth: 25%;\n\t\t\t}\n\t\t\t#gallery-1 img {\n\t\t\t\tborder: 2px solid #cfcfcf;\n\t\t\t}\n\t\t\t#gallery-1 .gallery-caption {\n\t\t\t\tmargin-left: 0;\n\t\t\t}\n\t\t\t\/* see gallery_shortcode() in wp-includes\/media.php *\/\n\t\t<\/style>\n\t\t<div id='gallery-1' class='gallery galleryid-119 gallery-columns-4 gallery-size-thumbnail'><dl class='gallery-item'>\n\t\t\t<dt class='gallery-icon landscape'>\n\t\t\t\t<a class=\"grouped_elements\" rel=\"tc-fancybox-group\" href=\"https:\/\/engie-instalacje.pl\/wp-content\/uploads\/2015\/08\/slider1-7.jpg\" title=\"slider1-7\"><img width=\"150\" height=\"150\" src=\"https:\/\/engie-instalacje.pl\/wp-content\/uploads\/2015\/08\/slider1-7-150x150.jpg\" class=\"attachment-thumbnail size-thumbnail\" alt=\"\" loading=\"lazy\" \/><\/a>\n\t\t\t<\/dt><\/dl><dl class='gallery-item'>\n\t\t\t<dt class='gallery-icon landscape'>\n\t\t\t\t<a class=\"grouped_elements\" rel=\"tc-fancybox-group\" href=\"https:\/\/engie-instalacje.pl\/wp-content\/uploads\/2015\/08\/slider3-2.jpg\" title=\"slider3-2\"><img width=\"150\" height=\"150\" src=\"https:\/\/engie-instalacje.pl\/wp-content\/uploads\/2015\/08\/slider3-2-150x150.jpg\" class=\"attachment-thumbnail size-thumbnail\" alt=\"\" loading=\"lazy\" \/><\/a>\n\t\t\t<\/dt><\/dl><dl class='gallery-item'>\n\t\t\t<dt class='gallery-icon landscape'>\n\t\t\t\t<a class=\"grouped_elements\" rel=\"tc-fancybox-group\" href=\"https:\/\/engie-instalacje.pl\/wp-content\/uploads\/2015\/08\/slider1-8-.jpg\" title=\"slider1-8\"><img width=\"150\" height=\"150\" src=\"https:\/\/engie-instalacje.pl\/wp-content\/uploads\/2015\/08\/slider1-8--150x150.jpg\" class=\"attachment-thumbnail size-thumbnail\" alt=\"\" loading=\"lazy\" \/><\/a>\n\t\t\t<\/dt><\/dl>\n\t\t\t<br style='clear: both' \/>\n\t\t<\/div>\n<\/p>\n<ul>\n<li>Z\u0142ote Tarasy<\/li>\n<li>M1 Czelad\u017a<\/li>\n<li>Makro Toru\u0144<\/li>\n<li>Makro Koszalin<\/li>\n<li>Makro Wa\u0142brzych<\/li>\n<li>Makro \u0141\u00f3d\u017a<\/li>\n<li>Media Markt Tarn\u00f3w<\/li>\n<li>Praktiker Zabrze<\/li>\n<li>Praktiker Pi\u0142a<\/li>\n<li>Kaufland \u017bywiec<\/li>\n<li>Kaufland Mr\u0105gowo<\/li>\n<li>Kaufland Pisz<\/li>\n<li>Auchan \u0141omianki<\/li>\n<\/ul>\n<p><\/p>","protected":false},"excerpt":{"rendered":"<p>Z\u0142ote Tarasy M1 Czelad\u017a Makro Toru\u0144 Makro Koszalin Makro Wa\u0142brzych Makro \u0141\u00f3d\u017a Media Markt Tarn\u00f3w Praktiker Zabrze Praktiker Pi\u0142a Kaufland \u017bywiec Kaufland Mr\u0105gowo Kaufland Pisz Auchan \u0141omianki<\/p>\n","protected":false},"author":1,"featured_media":0,"parent":0,"menu_order":0,"comment_status":"open","ping_status":"open","template":"","meta":[],"_links":{"self":[{"href":"https:\/\/engie-instalacje.pl\/en\/wp-json\/wp\/v2\/pages\/119"}],"collection":[{"href":"https:\/\/engie-instalacje.pl\/en\/wp-json\/wp\/v2\/pages"}],"about":[{"href":"https:\/\/engie-instalacje.pl\/en\/wp-json\/wp\/v2\/types\/page"}],"author":[{"embeddable":true,"href":"https:\/\/engie-instalacje.pl\/en\/wp-json\/wp\/v2\/users\/1"}],"replies":[{"embeddable":true,"href":"https:\/\/engie-instalacje.pl\/en\/wp-json\/wp\/v2\/comments?post=119"}],"version-history":[{"count":0,"href":"https:\/\/engie-instalacje.pl\/en\/wp-json\/wp\/v2\/pages\/119\/revisions"}],"wp:attachment":[{"href":"https:\/\/engie-instalacje.pl\/en\/wp-json\/wp\/v2\/media?parent=119"}],"curies":[{"name":"wp","href":"https:\/\/api.w.org\/{rel}","templated":true}]}}